{"id":266609,"date":"2025-07-28T17:19:54","date_gmt":"2025-07-28T14:19:54","guid":{"rendered":"https:\/\/faceaestheticsturkey.co\/galerija-pre-i-posle\/"},"modified":"2026-03-25T11:04:47","modified_gmt":"2026-03-25T08:04:47","slug":"galerija-pre-i-posle","status":"publish","type":"page","link":"https:\/\/faceaestheticsturkey.co\/sr\/galerija-pre-i-posle\/","title":{"rendered":"Galerija pre i posle"},"content":{"rendered":"\t\t<div data-elementor-type=\"wp-page\" data-elementor-id=\"266609\" class=\"elementor elementor-266609 elementor-263467\" data-elementor-post-type=\"page\">\n\t\t\t\t\t\t<section class=\"elementor-section elementor-top-section elementor-element elementor-element-23ba128 elementor-section-boxed elementor-section-height-default elementor-section-height-default\" data-id=\"23ba128\" data-element_type=\"section\">\n\t\t\t\t\t\t<div class=\"elementor-container elementor-column-gap-default\">\n\t\t\t\t\t<div class=\"elementor-column elementor-col-100 elementor-top-column elementor-element elementor-element-e73eefb\" data-id=\"e73eefb\" data-element_type=\"column\">\n\t\t\t<div class=\"elementor-widget-wrap elementor-element-populated\">\n\t\t\t\t\t\t<div class=\"elementor-element elementor-element-c6a52d0 elementor-widget elementor-widget-heading\" data-id=\"c6a52d0\" data-element_type=\"widget\" data-widget_type=\"heading.default\">\n\t\t\t\t<div class=\"elementor-widget-container\">\n\t\t\t<h2 class=\"elementor-heading-title elementor-size-default\">Galerija pre i posle\n<\/h2>\t\t<\/div>\n\t\t\t\t<\/div>\n\t\t\t\t\t<\/div>\n\t\t<\/div>\n\t\t\t\t\t<\/div>\n\t\t<\/section>\n\t\t\t\t<section class=\"elementor-section elementor-top-section elementor-element elementor-element-7d6f84d elementor-section-boxed elementor-section-height-default elementor-section-height-default\" data-id=\"7d6f84d\" data-element_type=\"section\">\n\t\t\t\t\t\t<div class=\"elementor-container elementor-column-gap-custom\">\n\t\t\t\t\t<div class=\"elementor-column elementor-col-25 elementor-top-column elementor-element elementor-element-abe4443\" data-id=\"abe4443\" data-element_type=\"column\">\n\t\t\t<div class=\"elementor-widget-wrap elementor-element-populated\">\n\t\t\t\t\t\t<div class=\"elementor-element elementor-element-bd2dcde elementor-position-top elementor-widget elementor-widget-image-box\" data-id=\"bd2dcde\" data-element_type=\"widget\" data-widget_type=\"image-box.default\">\n\t\t\t\t<div class=\"elementor-widget-container\">\n\t\t\t<div class=\"elementor-image-box-wrapper\"><figure class=\"elementor-image-box-img\"><a href=\"https:\/\/faceaestheticsturkey.co\/sr\/galerija-rinoplastike-u-turskoj\/\" tabindex=\"-1\"><img fetchpriority=\"high\" fetchpriority=\"high\" decoding=\"async\" width=\"1600\" height=\"1600\" src=\"https:\/\/faceaestheticsturkey.co\/wp-content\/uploads\/2025\/05\/turkey-rhinoplasty-surgery.jpg\" class=\"attachment-full size-full wp-image-266600\" alt=\"\" title=\"\" srcset=\"https:\/\/faceaestheticsturkey.co\/wp-content\/uploads\/2025\/05\/turkey-rhinoplasty-surgery.jpg 1600w, https:\/\/faceaestheticsturkey.co\/wp-content\/uploads\/2025\/05\/turkey-rhinoplasty-surgery-1280x1280.jpg 1280w, https:\/\/faceaestheticsturkey.co\/wp-content\/uploads\/2025\/05\/turkey-rhinoplasty-surgery-980x980.jpg 980w, https:\/\/faceaestheticsturkey.co\/wp-content\/uploads\/2025\/05\/turkey-rhinoplasty-surgery-480x480.jpg 480w\" sizes=\"(min-width: 0px) and (max-width: 480px) 480px, (min-width: 481px) and (max-width: 980px) 980px, (min-width: 981px) and (max-width: 1280px) 1280px, (min-width: 1281px) 1600px, 100vw\" \/><\/a><\/figure><div class=\"elementor-image-box-content\"><h3 class=\"elementor-image-box-title\"><a href=\"https:\/\/faceaestheticsturkey.co\/sr\/galerija-rinoplastike-u-turskoj\/\">Rinoplastika<\/a><\/h3><\/div><\/div>\t\t<\/div>\n\t\t\t\t<\/div>\n\t\t\t\t\t<\/div>\n\t\t<\/div>\n\t\t\t\t<div class=\"elementor-column elementor-col-25 elementor-top-column elementor-element elementor-element-9e35678\" data-id=\"9e35678\" data-element_type=\"column\">\n\t\t\t<div class=\"elementor-widget-wrap elementor-element-populated\">\n\t\t\t\t\t\t<div class=\"elementor-element elementor-element-8c463e5 elementor-position-top elementor-widget elementor-widget-image-box\" data-id=\"8c463e5\" data-element_type=\"widget\" data-widget_type=\"image-box.default\">\n\t\t\t\t<div class=\"elementor-widget-container\">\n\t\t\t<div class=\"elementor-image-box-wrapper\"><figure class=\"elementor-image-box-img\"><a href=\"https:\/\/faceaestheticsturkey.co\/sr\/galerija-revizione-rinoplastike\/\" tabindex=\"-1\"><img decoding=\"async\" width=\"1080\" height=\"1080\" src=\"https:\/\/faceaestheticsturkey.co\/wp-content\/uploads\/2023\/10\/revision-rhinoplasty-before-and-after-4.jpg\" class=\"attachment-full size-full wp-image-266601\" alt=\"\" title=\"\" srcset=\"https:\/\/faceaestheticsturkey.co\/wp-content\/uploads\/2023\/10\/revision-rhinoplasty-before-and-after-4.jpg 1080w, https:\/\/faceaestheticsturkey.co\/wp-content\/uploads\/2023\/10\/revision-rhinoplasty-before-and-after-4-980x980.jpg 980w, https:\/\/faceaestheticsturkey.co\/wp-content\/uploads\/2023\/10\/revision-rhinoplasty-before-and-after-4-480x480.jpg 480w\" sizes=\"(min-width: 0px) and (max-width: 480px) 480px, (min-width: 481px) and (max-width: 980px) 980px, (min-width: 981px) 1080px, 100vw\" \/><\/a><\/figure><div class=\"elementor-image-box-content\"><h3 class=\"elementor-image-box-title\"><a href=\"https:\/\/faceaestheticsturkey.co\/sr\/galerija-revizione-rinoplastike\/\">Reviziona rinoplastika<\/a><\/h3><\/div><\/div>\t\t<\/div>\n\t\t\t\t<\/div>\n\t\t\t\t\t<\/div>\n\t\t<\/div>\n\t\t\t\t<div class=\"elementor-column elementor-col-25 elementor-top-column elementor-element elementor-element-5002efc\" data-id=\"5002efc\" data-element_type=\"column\">\n\t\t\t<div class=\"elementor-widget-wrap elementor-element-populated\">\n\t\t\t\t\t\t<div class=\"elementor-element elementor-element-539ebc1 elementor-position-top elementor-widget elementor-widget-image-box\" data-id=\"539ebc1\" data-element_type=\"widget\" data-widget_type=\"image-box.default\">\n\t\t\t\t<div class=\"elementor-widget-container\">\n\t\t\t<div class=\"elementor-image-box-wrapper\"><figure class=\"elementor-image-box-img\"><a href=\"https:\/\/faceaestheticsturkey.co\/sr\/facelift-pre-i-posle-fotografije-u-turskoj\/\" tabindex=\"-1\"><img decoding=\"async\" width=\"1600\" height=\"1600\" src=\"https:\/\/faceaestheticsturkey.co\/wp-content\/uploads\/2025\/05\/deep-plane-face-and-neck-lift-turkey.jpg\" class=\"attachment-full size-full wp-image-266602\" alt=\"\" title=\"\" srcset=\"https:\/\/faceaestheticsturkey.co\/wp-content\/uploads\/2025\/05\/deep-plane-face-and-neck-lift-turkey.jpg 1600w, https:\/\/faceaestheticsturkey.co\/wp-content\/uploads\/2025\/05\/deep-plane-face-and-neck-lift-turkey-1280x1280.jpg 1280w, https:\/\/faceaestheticsturkey.co\/wp-content\/uploads\/2025\/05\/deep-plane-face-and-neck-lift-turkey-980x980.jpg 980w, https:\/\/faceaestheticsturkey.co\/wp-content\/uploads\/2025\/05\/deep-plane-face-and-neck-lift-turkey-480x480.jpg 480w\" sizes=\"(min-width: 0px) and (max-width: 480px) 480px, (min-width: 481px) and (max-width: 980px) 980px, (min-width: 981px) and (max-width: 1280px) 1280px, (min-width: 1281px) 1600px, 100vw\" \/><\/a><\/figure><div class=\"elementor-image-box-content\"><h3 class=\"elementor-image-box-title\"><a href=\"https:\/\/faceaestheticsturkey.co\/sr\/facelift-pre-i-posle-fotografije-u-turskoj\/\">Lifting lica<\/a><\/h3><\/div><\/div>\t\t<\/div>\n\t\t\t\t<\/div>\n\t\t\t\t\t<\/div>\n\t\t<\/div>\n\t\t\t\t<div class=\"elementor-column elementor-col-25 elementor-top-column elementor-element elementor-element-994f5c2\" data-id=\"994f5c2\" data-element_type=\"column\">\n\t\t\t<div class=\"elementor-widget-wrap elementor-element-populated\">\n\t\t\t\t\t\t<div class=\"elementor-element elementor-element-1055c3e elementor-position-top elementor-widget elementor-widget-image-box\" data-id=\"1055c3e\" data-element_type=\"widget\" data-widget_type=\"image-box.default\">\n\t\t\t\t<div class=\"elementor-widget-container\">\n\t\t\t<div class=\"elementor-image-box-wrapper\"><figure class=\"elementor-image-box-img\"><a href=\"https:\/\/faceaestheticsturkey.co\/sr\/galerija-otoplastike-u-turskoj\/\" tabindex=\"-1\"><img loading=\"lazy\" loading=\"lazy\" decoding=\"async\" width=\"1080\" height=\"1080\" src=\"https:\/\/faceaestheticsturkey.co\/wp-content\/uploads\/2024\/12\/otoplasti16-optimized.jpg\" class=\"attachment-full size-full wp-image-266603\" alt=\"\" title=\"\" srcset=\"https:\/\/faceaestheticsturkey.co\/wp-content\/uploads\/2024\/12\/otoplasti16-optimized.jpg 1080w, https:\/\/faceaestheticsturkey.co\/wp-content\/uploads\/2024\/12\/otoplasti16-optimized-980x980.jpg 980w, https:\/\/faceaestheticsturkey.co\/wp-content\/uploads\/2024\/12\/otoplasti16-optimized-480x480.jpg 480w\" sizes=\"(min-width: 0px) and (max-width: 480px) 480px, (min-width: 481px) and (max-width: 980px) 980px, (min-width: 981px) 1080px, 100vw\" \/><\/a><\/figure><div class=\"elementor-image-box-content\"><h3 class=\"elementor-image-box-title\"><a href=\"https:\/\/faceaestheticsturkey.co\/sr\/galerija-otoplastike-u-turskoj\/\">Korekcija u\u0161iju i otoplastika<\/a><\/h3><\/div><\/div>\t\t<\/div>\n\t\t\t\t<\/div>\n\t\t\t\t\t<\/div>\n\t\t<\/div>\n\t\t\t\t\t<\/div>\n\t\t<\/section>\n\t\t\t\t<section class=\"elementor-section elementor-top-section elementor-element elementor-element-b25fb50 elementor-section-boxed elementor-section-height-default elementor-section-height-default\" data-id=\"b25fb50\" data-element_type=\"section\">\n\t\t\t\t\t\t<div class=\"elementor-container elementor-column-gap-custom\">\n\t\t\t\t\t<div class=\"elementor-column elementor-col-25 elementor-top-column elementor-element elementor-element-85a1a1e\" data-id=\"85a1a1e\" data-element_type=\"column\">\n\t\t\t<div class=\"elementor-widget-wrap elementor-element-populated\">\n\t\t\t\t\t\t<div class=\"elementor-element elementor-element-26039c7 elementor-position-top elementor-widget elementor-widget-image-box\" data-id=\"26039c7\" data-element_type=\"widget\" data-widget_type=\"image-box.default\">\n\t\t\t\t<div class=\"elementor-widget-container\">\n\t\t\t<div class=\"elementor-image-box-wrapper\"><figure class=\"elementor-image-box-img\"><a href=\"https:\/\/faceaestheticsturkey.co\/sr\/fotografije-pre-i-posle-operacije-lisicjih-ociju-u-turskoj\/\" tabindex=\"-1\"><img loading=\"lazy\" loading=\"lazy\" decoding=\"async\" width=\"465\" height=\"465\" src=\"https:\/\/faceaestheticsturkey.co\/wp-content\/uploads\/2024\/11\/fox-eye-turkey-with-dr-hasan-duygulu.png\" class=\"attachment-full size-full wp-image-266604\" alt=\"lisi\u010dje-oko-turska-sa-dr-hasan-duygulu\" title=\"\" srcset=\"https:\/\/faceaestheticsturkey.co\/wp-content\/uploads\/2024\/11\/fox-eye-turkey-with-dr-hasan-duygulu.png 465w, https:\/\/faceaestheticsturkey.co\/wp-content\/uploads\/2024\/11\/fox-eye-turkey-with-dr-hasan-duygulu-300x300.png 300w, https:\/\/faceaestheticsturkey.co\/wp-content\/uploads\/2024\/11\/fox-eye-turkey-with-dr-hasan-duygulu-150x150.png 150w\" sizes=\"(max-width: 465px) 100vw, 465px\" \/><\/a><\/figure><div class=\"elementor-image-box-content\"><h3 class=\"elementor-image-box-title\"><a href=\"https:\/\/faceaestheticsturkey.co\/sr\/fotografije-pre-i-posle-operacije-lisicjih-ociju-u-turskoj\/\">Lisi\u010dje o\u010di<\/a><\/h3><\/div><\/div>\t\t<\/div>\n\t\t\t\t<\/div>\n\t\t\t\t\t<\/div>\n\t\t<\/div>\n\t\t\t\t<div class=\"elementor-column elementor-col-25 elementor-top-column elementor-element elementor-element-e0a164c\" data-id=\"e0a164c\" data-element_type=\"column\">\n\t\t\t<div class=\"elementor-widget-wrap elementor-element-populated\">\n\t\t\t\t\t\t<div class=\"elementor-element elementor-element-813d6a3 elementor-position-top elementor-widget elementor-widget-image-box\" data-id=\"813d6a3\" data-element_type=\"widget\" data-widget_type=\"image-box.default\">\n\t\t\t\t<div class=\"elementor-widget-container\">\n\t\t\t<div class=\"elementor-image-box-wrapper\"><figure class=\"elementor-image-box-img\"><a href=\"https:\/\/faceaestheticsturkey.co\/sr\/galerija-implantata-brade-turska\/\" tabindex=\"-1\"><img loading=\"lazy\" loading=\"lazy\" decoding=\"async\" width=\"1080\" height=\"1080\" src=\"https:\/\/faceaestheticsturkey.co\/wp-content\/uploads\/2025\/07\/chin-implant-surgery-in-turkey-before-after.jpg\" class=\"attachment-full size-full wp-image-266605\" alt=\"\" title=\"\" srcset=\"https:\/\/faceaestheticsturkey.co\/wp-content\/uploads\/2025\/07\/chin-implant-surgery-in-turkey-before-after.jpg 1080w, https:\/\/faceaestheticsturkey.co\/wp-content\/uploads\/2025\/07\/chin-implant-surgery-in-turkey-before-after-980x980.jpg 980w, https:\/\/faceaestheticsturkey.co\/wp-content\/uploads\/2025\/07\/chin-implant-surgery-in-turkey-before-after-480x480.jpg 480w\" sizes=\"(min-width: 0px) and (max-width: 480px) 480px, (min-width: 481px) and (max-width: 980px) 980px, (min-width: 981px) 1080px, 100vw\" \/><\/a><\/figure><div class=\"elementor-image-box-content\"><h3 class=\"elementor-image-box-title\"><a href=\"https:\/\/faceaestheticsturkey.co\/sr\/galerija-implantata-brade-turska\/\">Implantat brade<\/a><\/h3><\/div><\/div>\t\t<\/div>\n\t\t\t\t<\/div>\n\t\t\t\t\t<\/div>\n\t\t<\/div>\n\t\t\t\t<div class=\"elementor-column elementor-col-25 elementor-top-column elementor-element elementor-element-8acf22f\" data-id=\"8acf22f\" data-element_type=\"column\">\n\t\t\t<div class=\"elementor-widget-wrap elementor-element-populated\">\n\t\t\t\t\t\t<div class=\"elementor-element elementor-element-4d252dc elementor-position-top elementor-widget elementor-widget-image-box\" data-id=\"4d252dc\" data-element_type=\"widget\" data-widget_type=\"image-box.default\">\n\t\t\t\t<div class=\"elementor-widget-container\">\n\t\t\t<div class=\"elementor-image-box-wrapper\"><figure class=\"elementor-image-box-img\"><a href=\"https:\/\/faceaestheticsturkey.co\/sr\/galerija-podizanja-usana-i-fotografije-pre-i-posle\/\" tabindex=\"-1\"><img loading=\"lazy\" loading=\"lazy\" decoding=\"async\" width=\"1080\" height=\"1080\" src=\"https:\/\/faceaestheticsturkey.co\/wp-content\/uploads\/2024\/11\/lip-lift-before-after-photos.png\" class=\"attachment-full size-full wp-image-266606\" alt=\"lifting-usana-\u017eena-u-turskoj\" title=\"\" srcset=\"https:\/\/faceaestheticsturkey.co\/wp-content\/uploads\/2024\/11\/lip-lift-before-after-photos.png 1080w, https:\/\/faceaestheticsturkey.co\/wp-content\/uploads\/2024\/11\/lip-lift-before-after-photos-980x980.png 980w, https:\/\/faceaestheticsturkey.co\/wp-content\/uploads\/2024\/11\/lip-lift-before-after-photos-480x480.png 480w\" sizes=\"(min-width: 0px) and (max-width: 480px) 480px, (min-width: 481px) and (max-width: 980px) 980px, (min-width: 981px) 1080px, 100vw\" \/><\/a><\/figure><div class=\"elementor-image-box-content\"><h3 class=\"elementor-image-box-title\"><a href=\"https:\/\/faceaestheticsturkey.co\/sr\/galerija-podizanja-usana-i-fotografije-pre-i-posle\/\">Lifting usana<\/a><\/h3><\/div><\/div>\t\t<\/div>\n\t\t\t\t<\/div>\n\t\t\t\t\t<\/div>\n\t\t<\/div>\n\t\t\t\t<div class=\"elementor-column elementor-col-25 elementor-top-column elementor-element elementor-element-9f439d2\" data-id=\"9f439d2\" data-element_type=\"column\">\n\t\t\t<div class=\"elementor-widget-wrap elementor-element-populated\">\n\t\t\t\t\t\t<div class=\"elementor-element elementor-element-06b1166 elementor-position-top elementor-widget elementor-widget-image-box\" data-id=\"06b1166\" data-element_type=\"widget\" data-widget_type=\"image-box.default\">\n\t\t\t\t<div class=\"elementor-widget-container\">\n\t\t\t<div class=\"elementor-image-box-wrapper\"><figure class=\"elementor-image-box-img\"><a href=\"https:\/\/faceaestheticsturkey.co\/sr\/galerija-podizanja-vrata-u-turskoj-i-fotografije-pre-i-posle\/\" tabindex=\"-1\"><img loading=\"lazy\" loading=\"lazy\" decoding=\"async\" width=\"2000\" height=\"2000\" src=\"https:\/\/faceaestheticsturkey.co\/wp-content\/uploads\/2025\/04\/deep-plane-facelift-in-turkey-photos-optimizedsema.webp\" class=\"attachment-full size-full wp-image-266607\" alt=\"\" title=\"\" srcset=\"https:\/\/faceaestheticsturkey.co\/wp-content\/uploads\/2025\/04\/deep-plane-facelift-in-turkey-photos-optimizedsema.webp 2000w, https:\/\/faceaestheticsturkey.co\/wp-content\/uploads\/2025\/04\/deep-plane-facelift-in-turkey-photos-optimizedsema-1280x1280.webp 1280w, https:\/\/faceaestheticsturkey.co\/wp-content\/uploads\/2025\/04\/deep-plane-facelift-in-turkey-photos-optimizedsema-980x980.webp 980w, https:\/\/faceaestheticsturkey.co\/wp-content\/uploads\/2025\/04\/deep-plane-facelift-in-turkey-photos-optimizedsema-480x480.webp 480w\" sizes=\"(min-width: 0px) and (max-width: 480px) 480px, (min-width: 481px) and (max-width: 980px) 980px, (min-width: 981px) and (max-width: 1280px) 1280px, (min-width: 1281px) 2000px, 100vw\" \/><\/a><\/figure><div class=\"elementor-image-box-content\"><h3 class=\"elementor-image-box-title\"><a href=\"https:\/\/faceaestheticsturkey.co\/sr\/galerija-podizanja-vrata-u-turskoj-i-fotografije-pre-i-posle\/\">Lifting vrata<\/a><\/h3><\/div><\/div>\t\t<\/div>\n\t\t\t\t<\/div>\n\t\t\t\t\t<\/div>\n\t\t<\/div>\n\t\t\t\t\t<\/div>\n\t\t<\/section>\n\t\t\t\t<section class=\"elementor-section elementor-top-section elementor-element elementor-element-6779c31 elementor-section-boxed elementor-section-height-default elementor-section-height-default\" data-id=\"6779c31\" data-element_type=\"section\">\n\t\t\t\t\t\t<div class=\"elementor-container elementor-column-gap-default\">\n\t\t\t\t\t<div class=\"elementor-column elementor-col-100 elementor-top-column elementor-element elementor-element-0ec9581\" data-id=\"0ec9581\" data-element_type=\"column\">\n\t\t\t<div class=\"elementor-widget-wrap elementor-element-populated\">\n\t\t\t\t\t\t<div class=\"elementor-element elementor-element-f7edf7c elementor-position-top elementor-widget elementor-widget-image-box\" data-id=\"f7edf7c\" data-element_type=\"widget\" data-widget_type=\"image-box.default\">\n\t\t\t\t<div class=\"elementor-widget-container\">\n\t\t\t<div class=\"elementor-image-box-wrapper\"><figure class=\"elementor-image-box-img\"><a href=\"https:\/\/faceaestheticsturkey.co\/sr\/foto-galerija\/\" tabindex=\"-1\"><img loading=\"lazy\" loading=\"lazy\" decoding=\"async\" width=\"400\" height=\"284\" src=\"https:\/\/faceaestheticsturkey.co\/wp-content\/uploads\/2022\/11\/h5-400x284.jpg\" class=\"attachment-et-pb-portfolio-image size-et-pb-portfolio-image wp-image-266608\" alt=\"\" title=\"\"><\/a><\/figure><div class=\"elementor-image-box-content\"><h3 class=\"elementor-image-box-title\"><a href=\"https:\/\/faceaestheticsturkey.co\/sr\/foto-galerija\/\">Galerija klinike<\/a><\/h3><\/div><\/div>\t\t<\/div>\n\t\t\t\t<\/div>\n\t\t\t\t\t<\/div>\n\t\t<\/div>\n\t\t\t\t\t<\/div>\n\t\t<\/section>\n\t\t\t\t<\/div>\n\t\t","protected":false},"excerpt":{"rendered":"<p>Galerija pre i posle Rinoplastika Reviziona rinoplastika Lifting lica Korekcija u\u0161iju i otoplastika Lisi\u010dje o\u010di Implantat brade Lifting usana Lifting vrata Galerija klinike<\/p>\n","protected":false},"author":1,"featured_media":0,"parent":0,"menu_order":0,"comment_status":"closed","ping_status":"closed","template":"elementor_header_footer","meta":{"_et_pb_use_builder":"","_et_pb_old_content":"","_et_gb_content_width":"","footnotes":""},"class_list":["post-266609","page","type-page","status-publish","hentry"],"_links":{"self":[{"href":"https:\/\/faceaestheticsturkey.co\/sr\/wp-json\/wp\/v2\/pages\/266609","targetHints":{"allow":["GET"]}}],"collection":[{"href":"https:\/\/faceaestheticsturkey.co\/sr\/wp-json\/wp\/v2\/pages"}],"about":[{"href":"https:\/\/faceaestheticsturkey.co\/sr\/wp-json\/wp\/v2\/types\/page"}],"author":[{"embeddable":true,"href":"https:\/\/faceaestheticsturkey.co\/sr\/wp-json\/wp\/v2\/users\/1"}],"replies":[{"embeddable":true,"href":"https:\/\/faceaestheticsturkey.co\/sr\/wp-json\/wp\/v2\/comments?post=266609"}],"version-history":[{"count":0,"href":"https:\/\/faceaestheticsturkey.co\/sr\/wp-json\/wp\/v2\/pages\/266609\/revisions"}],"wp:attachment":[{"href":"https:\/\/faceaestheticsturkey.co\/sr\/wp-json\/wp\/v2\/media?parent=266609"}],"curies":[{"name":"wp","href":"https:\/\/api.w.org\/{rel}","templated":true}]}}